{"id":255,"date":"2024-10-02T11:08:32","date_gmt":"2024-10-02T11:08:32","guid":{"rendered":"https:\/\/hispanolab.uca.es\/?page_id=255"},"modified":"2025-05-09T09:53:51","modified_gmt":"2025-05-09T09:53:51","slug":"proyectos-2","status":"publish","type":"page","link":"https:\/\/hispanolab.uca.es\/?page_id=255","title":{"rendered":"Proyectos"},"content":{"rendered":"\n<div class=\"wp-block-group alignfull has-custom-color-4-background-color has-background has-global-padding is-layout-constrained wp-container-core-group-is-layout-da6817d8 wp-block-group-is-layout-constrained\" style=\"margin-top:0;margin-bottom:0;padding-top:0;padding-right:0;padding-bottom:0;padding-left:0\">\n<div class=\"wp-block-columns alignwide has-custom-color-4-background-color has-background is-layout-flex wp-container-core-columns-is-layout-25593187 wp-block-columns-is-layout-flex\">\n<div class=\"wp-block-column is-vertically-aligned-center has-custom-color-4-background-color has-background is-layout-flow wp-container-core-column-is-layout-40a2a7e8 wp-block-column-is-layout-flow\" style=\"padding-right:0;padding-bottom:0;padding-left:0;flex-basis:200px\">\n<figure class=\"wp-block-image alignleft size-full is-resized has-custom-border wp-duotone-rgb088124-rgb088124-1\"><img loading=\"lazy\" decoding=\"async\" width=\"60\" height=\"60\" src=\"http:\/\/hispanolab.uca.es\/wp-content\/uploads\/2024\/04\/icons8-grabadora-60-2.png\" alt=\"\" class=\"wp-image-33\" style=\"border-radius:0px;width:83px;height:auto\"\/><\/figure>\n<\/div>\n\n\n\n<div class=\"wp-block-column is-vertically-aligned-center has-custom-color-4-background-color has-background is-layout-flow wp-container-core-column-is-layout-a1628350 wp-block-column-is-layout-flow\" style=\"padding-top:0;padding-right:0;padding-bottom:0;padding-left:0;flex-basis:600px\">\n<h3 class=\"wp-block-heading has-custom-color-4-background-color has-background\"><strong><a href=\"https:\/\/literaturaoralcadiz.uca.es\/\">CORLIOC<\/a><\/strong><\/h3>\n\n\n\n<p class=\"has-custom-color-4-background-color has-background\">Corpus oral tradicional de la provincia de C\u00e1diz <a href=\"https:\/\/literaturaoralcadiz.uca.es\/\">\u2192<\/a><\/p>\n<\/div>\n<\/div>\n\n\n\n<hr class=\"wp-block-separator has-alpha-channel-opacity is-style-wide\"\/>\n<\/div>\n\n\n\n<div class=\"wp-block-group alignfull has-custom-color-4-background-color has-background has-global-padding is-layout-constrained wp-container-core-group-is-layout-0ba66b16 wp-block-group-is-layout-constrained\" style=\"margin-top:0;margin-bottom:0;padding-top:0;padding-right:0;padding-bottom:0;padding-left:0\">\n<div class=\"wp-block-columns alignwide has-custom-color-4-background-color has-background is-layout-flex wp-container-core-columns-is-layout-25593187 wp-block-columns-is-layout-flex\">\n<div class=\"wp-block-column is-vertically-aligned-center has-custom-color-4-background-color has-background is-layout-flow wp-container-core-column-is-layout-40a2a7e8 wp-block-column-is-layout-flow\" style=\"padding-right:0;padding-bottom:0;padding-left:0;flex-basis:200px\">\n<figure class=\"wp-block-image alignleft size-full is-resized has-custom-border wp-duotone-rgb088124-rgb088124-2\"><img loading=\"lazy\" decoding=\"async\" width=\"50\" height=\"50\" src=\"http:\/\/hispanolab.uca.es\/wp-content\/uploads\/2024\/04\/icons8-exposicion-50-1.png\" alt=\"\" class=\"wp-image-34\" style=\"border-radius:0px;width:83px;height:auto\"\/><\/figure>\n<\/div>\n\n\n\n<div class=\"wp-block-column is-vertically-aligned-center has-custom-color-4-background-color has-background is-layout-flow wp-container-core-column-is-layout-a1628350 wp-block-column-is-layout-flow\" style=\"padding-top:0;padding-right:0;padding-bottom:0;padding-left:0;flex-basis:650px\">\n<h3 class=\"wp-block-heading has-custom-color-4-background-color has-background\"><strong><a href=\"https:\/\/hispanorama.uca.es\/\">Hispanorama<\/a><\/strong><\/h3>\n\n\n\n<p class=\"has-custom-color-4-background-color has-background\">Espacio virtual de exposiciones <a href=\"https:\/\/hispanorama.uca.es\/\"> \u2192<\/a> <\/p>\n<\/div>\n<\/div>\n\n\n\n<hr class=\"wp-block-separator has-alpha-channel-opacity is-style-wide\"\/>\n<\/div>\n\n\n\n<div class=\"wp-block-group alignfull has-custom-color-4-background-color has-background has-global-padding is-layout-constrained wp-container-core-group-is-layout-0ba66b16 wp-block-group-is-layout-constrained\" style=\"margin-top:0;margin-bottom:0;padding-top:0;padding-right:0;padding-bottom:0;padding-left:0\">\n<div class=\"wp-block-columns alignwide has-custom-color-4-background-color has-background is-layout-flex wp-container-core-columns-is-layout-25593187 wp-block-columns-is-layout-flex\">\n<div class=\"wp-block-column is-vertically-aligned-center has-custom-color-4-background-color has-background is-layout-flow wp-container-core-column-is-layout-40a2a7e8 wp-block-column-is-layout-flow\" style=\"padding-right:0;padding-bottom:0;padding-left:0;flex-basis:200px\">\n<figure class=\"wp-block-image alignleft size-full is-resized has-custom-border wp-duotone-00587c-00587c-3\"><img loading=\"lazy\" decoding=\"async\" width=\"50\" height=\"50\" src=\"http:\/\/hispanolab.uca.es\/wp-content\/uploads\/2024\/04\/icons8-ciudadano-global-50-1.png\" alt=\"\" class=\"wp-image-35\" style=\"border-radius:0px;width:83px;height:auto\"\/><\/figure>\n<\/div>\n\n\n\n<div class=\"wp-block-column is-vertically-aligned-center has-custom-color-4-background-color has-background is-layout-flow wp-container-core-column-is-layout-a1628350 wp-block-column-is-layout-flow\" style=\"padding-top:0;padding-right:0;padding-bottom:0;padding-left:0;flex-basis:600px\">\n<h3 class=\"wp-block-heading has-custom-color-4-background-color has-background\"><strong><a href=\"https:\/\/memoriaciudadana.uca.es\/\">Memoria Ciudadana<\/a><\/strong><\/h3>\n\n\n\n<p class=\"has-custom-color-4-background-color has-background\">Memoria hist\u00f3rica de la dictadura franquista a la transici\u00f3n <a href=\"https:\/\/memoriaciudadana.uca.es\/\">\u2192<\/a><\/p>\n<\/div>\n<\/div>\n\n\n\n<hr class=\"wp-block-separator has-alpha-channel-opacity is-style-wide\"\/>\n<\/div>\n\n\n\n<div class=\"wp-block-group alignfull has-custom-color-4-background-color has-background has-global-padding is-layout-constrained wp-container-core-group-is-layout-0ba66b16 wp-block-group-is-layout-constrained\" style=\"margin-top:0;margin-bottom:0;padding-top:0;padding-right:0;padding-bottom:0;padding-left:0\">\n<div class=\"wp-block-columns alignwide has-custom-color-4-background-color has-background is-layout-flex wp-container-core-columns-is-layout-28232c24 wp-block-columns-is-layout-flex\">\n<div class=\"wp-block-column is-vertically-aligned-center has-custom-color-4-background-color has-background is-layout-flow wp-container-core-column-is-layout-40a2a7e8 wp-block-column-is-layout-flow\" style=\"padding-right:0;padding-bottom:0;padding-left:0;flex-basis:200px\">\n<figure class=\"wp-block-image alignleft size-full is-resized has-custom-border wp-duotone-00587c-00587c-4\"><img loading=\"lazy\" decoding=\"async\" width=\"50\" height=\"50\" src=\"http:\/\/hispanolab.uca.es\/wp-content\/uploads\/2024\/04\/icons8-mundo-50-1.png\" alt=\"\" class=\"wp-image-36\" style=\"border-radius:0px;width:83px;height:auto\"\/><\/figure>\n<\/div>\n\n\n\n<div class=\"wp-block-column is-vertically-aligned-center has-custom-color-4-background-color has-background is-layout-flow wp-container-core-column-is-layout-a1628350 wp-block-column-is-layout-flow\" style=\"padding-top:0;padding-right:0;padding-bottom:0;padding-left:0;flex-basis:600px\">\n<h3 class=\"wp-block-heading has-custom-color-4-background-color has-background\"><strong><a href=\"https:\/\/ciberhispanica.uca.es\/\">Ciberhisp\u00e1nica<\/a><\/strong><\/h3>\n\n\n\n<p class=\"has-custom-color-4-background-color has-background\">Espacio de escrituras literarias en RED <a href=\"https:\/\/ciberhispanica.uca.es\/\">\u2192<\/a><\/p>\n<\/div>\n<\/div>\n\n\n\n<hr class=\"wp-block-separator has-alpha-channel-opacity is-style-wide\"\/>\n<\/div>\n\n\n\n<div class=\"wp-block-group alignfull has-custom-color-4-background-color has-background has-global-padding is-layout-constrained wp-container-core-group-is-layout-0ba66b16 wp-block-group-is-layout-constrained\" style=\"margin-top:0;margin-bottom:0;padding-top:0;padding-right:0;padding-bottom:0;padding-left:0\">\n<div class=\"wp-block-columns alignwide has-custom-color-4-background-color has-background is-layout-flex wp-container-core-columns-is-layout-28232c24 wp-block-columns-is-layout-flex\">\n<div class=\"wp-block-column is-vertically-aligned-center has-custom-color-4-background-color has-background is-layout-flow wp-container-core-column-is-layout-40a2a7e8 wp-block-column-is-layout-flow\" style=\"padding-right:0;padding-bottom:0;padding-left:0;flex-basis:200px\">\n<figure class=\"wp-block-image alignleft size-full is-resized has-custom-border wp-duotone-00587c-00587c-5\"><img loading=\"lazy\" decoding=\"async\" width=\"50\" height=\"50\" src=\"http:\/\/hispanolab.uca.es\/wp-content\/uploads\/2024\/04\/icons8-centro-50.png\" alt=\"\" class=\"wp-image-37\" style=\"border-radius:0px;width:83px;height:auto\"\/><\/figure>\n<\/div>\n\n\n\n<div class=\"wp-block-column is-vertically-aligned-center has-custom-color-4-background-color has-background is-layout-flow wp-container-core-column-is-layout-a1628350 wp-block-column-is-layout-flow\" style=\"padding-top:0;padding-right:0;padding-bottom:0;padding-left:0;flex-basis:600px\">\n<h3 class=\"wp-block-heading has-custom-color-4-background-color has-background\"><strong><a href=\"https:\/\/laboratoriopatrimonio.uca.es\/\">LABPAT<\/a><\/strong><\/h3>\n\n\n\n<p class=\"has-custom-color-4-background-color has-background\">Laboratorio de Patrimonio Cultural <a href=\"https:\/\/laboratoriopatrimonio.uca.es\/\">\u2192<\/a><\/p>\n<\/div>\n<\/div>\n\n\n\n<hr class=\"wp-block-separator has-alpha-channel-opacity is-style-wide\"\/>\n<\/div>\n\n\n\n<div class=\"wp-block-group alignfull has-custom-color-4-background-color has-background has-global-padding is-layout-constrained wp-container-core-group-is-layout-0ba66b16 wp-block-group-is-layout-constrained\" style=\"margin-top:0;margin-bottom:0;padding-top:0;padding-right:0;padding-bottom:0;padding-left:0\">\n<div class=\"wp-block-columns alignwide has-custom-color-4-background-color has-background is-layout-flex wp-container-core-columns-is-layout-28232c24 wp-block-columns-is-layout-flex\">\n<div class=\"wp-block-column is-vertically-aligned-center has-custom-color-4-background-color has-background is-layout-flow wp-container-core-column-is-layout-40a2a7e8 wp-block-column-is-layout-flow\" style=\"padding-right:0;padding-bottom:0;padding-left:0;flex-basis:200px\">\n<figure class=\"wp-block-image alignleft size-full is-resized has-custom-border wp-duotone-00587c-00587c-6\"><img loading=\"lazy\" decoding=\"async\" width=\"50\" height=\"50\" src=\"http:\/\/hispanolab.uca.es\/wp-content\/uploads\/2024\/04\/icons8-revista-50-1.png\" alt=\"\" class=\"wp-image-38\" style=\"border-radius:0px;width:83px;height:auto\"\/><\/figure>\n<\/div>\n\n\n\n<div class=\"wp-block-column is-vertically-aligned-center has-custom-color-4-background-color has-background is-layout-flow wp-container-core-column-is-layout-a1628350 wp-block-column-is-layout-flow\" style=\"padding-top:0;padding-right:0;padding-bottom:0;padding-left:0;flex-basis:600px\">\n<h3 class=\"wp-block-heading has-custom-color-4-background-color has-background\"><strong><a href=\"https:\/\/corpushablasandaluzas.uca.es\/\">CDHA<\/a><\/strong><\/h3>\n\n\n\n<p class=\"has-custom-color-4-background-color has-background\">Corpus de las Hablas Andaluzas <a href=\"https:\/\/corpushablasandaluzas.uca.es\/\">\u2192<\/a><\/p>\n<\/div>\n<\/div>\n\n\n\n<hr class=\"wp-block-separator has-alpha-channel-opacity is-style-wide\"\/>\n<\/div>\n\n\n\n<div class=\"wp-block-group alignfull has-custom-color-4-background-color has-background has-global-padding is-layout-constrained wp-container-core-group-is-layout-0ba66b16 wp-block-group-is-layout-constrained\" style=\"margin-top:0;margin-bottom:0;padding-top:0;padding-right:0;padding-bottom:0;padding-left:0\">\n<div class=\"wp-block-columns alignwide has-custom-color-4-background-color has-background is-layout-flex wp-container-core-columns-is-layout-28232c24 wp-block-columns-is-layout-flex\">\n<div class=\"wp-block-column is-vertically-aligned-center has-custom-color-4-background-color has-background is-layout-flow wp-container-core-column-is-layout-40a2a7e8 wp-block-column-is-layout-flow\" style=\"padding-right:0;padding-bottom:0;padding-left:0;flex-basis:200px\">\n<figure class=\"wp-block-image alignleft size-full is-resized has-custom-border wp-duotone-00587c-00587c-7\"><img loading=\"lazy\" decoding=\"async\" width=\"512\" height=\"512\" src=\"http:\/\/hispanolab.uca.es\/wp-content\/uploads\/2024\/04\/image.png\" alt=\"\" class=\"wp-image-40\" style=\"border-radius:0px;width:83px;height:auto\" srcset=\"https:\/\/hispanolab.uca.es\/wp-content\/uploads\/2024\/04\/image.png 512w, https:\/\/hispanolab.uca.es\/wp-content\/uploads\/2024\/04\/image-300x300.png 300w, https:\/\/hispanolab.uca.es\/wp-content\/uploads\/2024\/04\/image-150x150.png 150w\" sizes=\"auto, (max-width: 512px) 100vw, 512px\" \/><\/figure>\n<\/div>\n\n\n\n<div class=\"wp-block-column is-vertically-aligned-center has-custom-color-4-background-color has-background is-layout-flow wp-container-core-column-is-layout-a1628350 wp-block-column-is-layout-flow\" style=\"padding-top:0;padding-right:0;padding-bottom:0;padding-left:0;flex-basis:600px\">\n<h3 class=\"wp-block-heading has-custom-color-4-background-color has-background\"><strong><a href=\"https:\/\/dataprensa.uca.es\/\">DataPrensa<\/a><\/strong><\/h3>\n\n\n\n<p class=\"has-custom-color-4-background-color has-background\">Mapeo de la producci\u00f3n period\u00edstica espa\u00f1ola desde el siglo XVIII a la Guerra Civil <a href=\"https:\/\/dataprensa.uca.es\/\"> \u2192<\/a><\/p>\n<\/div>\n<\/div>\n<\/div>\n\n\n\n<div style=\"height:0px\" aria-hidden=\"true\" class=\"wp-block-spacer\"><\/div>\n\n\n\n<div class=\"wp-block-columns alignwide has-custom-color-4-background-color has-background is-layout-flex wp-container-core-columns-is-layout-28232c24 wp-block-columns-is-layout-flex\">\n<div class=\"wp-block-column is-vertically-aligned-center has-custom-color-4-background-color has-background is-layout-flow wp-container-core-column-is-layout-40a2a7e8 wp-block-column-is-layout-flow\" style=\"padding-right:0;padding-bottom:0;padding-left:0;flex-basis:200px\">\n<figure class=\"wp-block-image alignleft size-full is-resized has-custom-border wp-duotone-00587c-00587c-8\"><img loading=\"lazy\" decoding=\"async\" width=\"50\" height=\"50\" src=\"http:\/\/hispanolab.uca.es\/wp-content\/uploads\/2024\/04\/icons8-revista-50-1.png\" alt=\"\" class=\"wp-image-38\" style=\"border-radius:0px;width:73px;height:auto\"\/><\/figure>\n<\/div>\n\n\n\n<div class=\"wp-block-column is-vertically-aligned-center has-custom-color-4-background-color has-background is-layout-flow wp-container-core-column-is-layout-a1628350 wp-block-column-is-layout-flow\" style=\"padding-top:0;padding-right:0;padding-bottom:0;padding-left:0;flex-basis:600px\">\n<h3 class=\"wp-block-heading has-custom-color-4-background-color has-background\"><strong><a href=\"https:\/\/constitucion1812.uca.es\/\">Constituci\u00f3n de 1812<\/a><\/strong><\/h3>\n\n\n\n<p class=\"has-custom-color-4-background-color has-background\">Mapa y textos Juramentos de la Constituci\u00f3n<a href=\"https:\/\/dataprensa.uca.es\/\"> \u2192<\/a><\/p>\n<\/div>\n<\/div>\n\n\n\n<p><\/p>\n","protected":false},"excerpt":{"rendered":"<p>CORLIOC Corpus oral tradicional de la provincia de C\u00e1diz \u2192 Hispanorama Espacio virtual de exposiciones \u2192 Memoria Ciudadana Memoria hist\u00f3rica de la dictadura franquista a la transici\u00f3n \u2192 Ciberhisp\u00e1nica Espacio de escrituras literarias en RED \u2192 LABPAT Laboratorio de Patrimonio Cultural \u2192 CDHA Corpus de las Hablas Andaluzas \u2192 DataPrensa Mapeo de la producci\u00f3n period\u00edstica [&hellip;]<\/p>\n","protected":false},"author":3,"featured_media":0,"parent":0,"menu_order":0,"comment_status":"closed","ping_status":"closed","template":"","meta":{"footnotes":""},"class_list":["post-255","page","type-page","status-publish","hentry"],"_links":{"self":[{"href":"https:\/\/hispanolab.uca.es\/index.php?rest_route=\/wp\/v2\/pages\/255","targetHints":{"allow":["GET"]}}],"collection":[{"href":"https:\/\/hispanolab.uca.es\/index.php?rest_route=\/wp\/v2\/pages"}],"about":[{"href":"https:\/\/hispanolab.uca.es\/index.php?rest_route=\/wp\/v2\/types\/page"}],"author":[{"embeddable":true,"href":"https:\/\/hispanolab.uca.es\/index.php?rest_route=\/wp\/v2\/users\/3"}],"replies":[{"embeddable":true,"href":"https:\/\/hispanolab.uca.es\/index.php?rest_route=%2Fwp%2Fv2%2Fcomments&post=255"}],"version-history":[{"count":40,"href":"https:\/\/hispanolab.uca.es\/index.php?rest_route=\/wp\/v2\/pages\/255\/revisions"}],"predecessor-version":[{"id":304,"href":"https:\/\/hispanolab.uca.es\/index.php?rest_route=\/wp\/v2\/pages\/255\/revisions\/304"}],"wp:attachment":[{"href":"https:\/\/hispanolab.uca.es\/index.php?rest_route=%2Fwp%2Fv2%2Fmedia&parent=255"}],"curies":[{"name":"wp","href":"https:\/\/api.w.org\/{rel}","templated":true}]}}